{"id":1048,"date":"2023-08-01T13:41:16","date_gmt":"2023-08-01T13:41:16","guid":{"rendered":"https:\/\/www.carpediem-meransen.com\/colophon\/"},"modified":"2024-10-24T12:35:07","modified_gmt":"2024-10-24T12:35:07","slug":"colophon","status":"publish","type":"page","link":"https:\/\/www.carpediem-meransen.com\/it\/colophon\/","title":{"rendered":"Colophon"},"content":{"rendered":"\t\t<div data-elementor-type=\"wp-page\" data-elementor-id=\"1048\" class=\"elementor elementor-1048 elementor-401\" data-elementor-post-type=\"page\">\n\t\t\t\t\t\t\t<div class=\"elementor-element elementor-element-3c69283 e-flex e-con-boxed e-con e-parent\" data-id=\"3c69283\" data-element_type=\"container\" data-settings=\"{&quot;background_background&quot;:&quot;classic&quot;,&quot;container_type&quot;:&quot;flex&quot;,&quot;content_width&quot;:&quot;boxed&quot;}\" data-core-v316-plus=\"true\">\n\t\t\t\t\t<div class=\"e-con-inner\">\n\t\t\t\t<div class=\"elementor-element elementor-element-bef6052 elementor-widget elementor-widget-heading\" data-id=\"bef6052\" data-element_type=\"widget\" data-widget_type=\"heading.default\">\n\t\t\t\t<div class=\"elementor-widget-container\">\n\t\t\t<style>\/*! elementor - v3.17.0 - 25-10-2023 *\/\n.elementor-heading-title{padding:0;margin:0;line-height:1}.elementor-widget-heading .elementor-heading-title[class*=elementor-size-]>a{color:inherit;font-size:inherit;line-height:inherit}.elementor-widget-heading .elementor-heading-title.elementor-size-small{font-size:15px}.elementor-widget-heading .elementor-heading-title.elementor-size-medium{font-size:19px}.elementor-widget-heading .elementor-heading-title.elementor-size-large{font-size:29px}.elementor-widget-heading .elementor-heading-title.elementor-size-xl{font-size:39px}.elementor-widget-heading .elementor-heading-title.elementor-size-xxl{font-size:59px}<\/style><h2 class=\"elementor-heading-title elementor-size-default\">Colophon<\/h2>\t\t<\/div>\n\t\t\t\t<\/div>\n\t\t\t\t<div class=\"elementor-element elementor-element-2a10cbe elementor-widget elementor-widget-text-editor\" data-id=\"2a10cbe\" data-element_type=\"widget\" data-widget_type=\"text-editor.default\">\n\t\t\t\t<div class=\"elementor-widget-container\">\n\t\t\t<style>\/*! elementor - v3.17.0 - 25-10-2023 *\/\n.elementor-widget-text-editor.elementor-drop-cap-view-stacked .elementor-drop-cap{background-color:#69727d;color:#fff}.elementor-widget-text-editor.elementor-drop-cap-view-framed .elementor-drop-cap{color:#69727d;border:3px solid;background-color:transparent}.elementor-widget-text-editor:not(.elementor-drop-cap-view-default) .elementor-drop-cap{margin-top:8px}.elementor-widget-text-editor:not(.elementor-drop-cap-view-default) .elementor-drop-cap-letter{width:1em;height:1em}.elementor-widget-text-editor .elementor-drop-cap{float:left;text-align:center;line-height:1;font-size:50px}.elementor-widget-text-editor .elementor-drop-cap-letter{display:inline-block}<\/style>\t\t\t\t<p><strong>Carpe Diem<\/strong><br \/>\nF\u00f6rchenweg 25,<br \/>\n39039 Meransen<br \/>\n<a href=\"tel:+39 349 159 8931\">+39 349 159 8931<\/a><br \/>\n<a href=\"mailto:info@meransen-ferien.com\">info@meransen-ferien.com<\/a><br \/>\nEmpf\u00e4ngercodex: FEHLT NOCH<br \/>\nwww.carpediem-meransen.com<br \/>\nMwSt. Nr. 02860160213<br \/>\nSt. Nr. FSCMRA84C61B160U<\/p>\n<p>Camera di commercio: Bolzano<br \/>\nNumero iscrizione camera di commercio: Nummer<br \/>\nNumero REA: Nummer<br \/>\nLegale rappresentante: Nennung des Alleingesellschafters bei AGs und Einpersonen-GmbHs<br \/>\nCapitale sociale: (falls zutreffend \u2013 z.B. bei einer GmbH, einer AG, einer KGaA)<\/p>\n<p><strong>Copyright per le immagini e grafiche utilizzate:<\/strong><\/p>\n<ul>\n<li>IDM S\u00fcdtirol-Alto Adige\/Alex Moling<\/li>\n<li>IDM S\u00fcdtirol-Alto Adige\/Clemens Zahn<\/li>\n<li>IDM S\u00fcdtirol-Alto Adige\/Dietmar Denger<\/li>\n<li>IDM S\u00fcdtirol-Alto Adige\/Harald Wisthaler<\/li>\n<li>IDM S\u00fcdtirol-Alto Adige\/Clemens Zahn<\/li>\n<li>IDM S\u00fcdtirol-Alto Adige\/Patrick Schwienbacher<\/li>\n<li>IDM S\u00fcdtirol-Alto Adige\/Alex Filz<\/li>\n<\/ul>\n<p>&nbsp;<\/p>\n<p><strong>Risoluzione delle controversie\u00a0<\/strong><br \/>\nInformazioni obbligatorie ai sensi del Regolamento UE n. 524\/2013 del Parlamento e Consiglio europeo. Piattaforma per la risoluzione online delle controversie (ODR) della Commissione europea:<br \/>\n<a href=\"https:\/\/ec.europa.eu\/consumers\/odr\/main\/?event=main.trader.register\" target=\"_blank\" rel=\"noopener\">https:\/\/ec.europa.eu\/consumers\/odr\/main\/?event=main.trader.register<\/a><\/p>\n<p><strong>Concetto e realizzazione<\/strong><br \/>\nmuwit d. sandra stablum<br \/>\nCitt\u00e1 Alta 60<br \/>\n39043 Chiusa<br \/>\nTel. <a href=\"tel:+39 347 1330206\">+39 347 1330206<\/a><br \/>\nPart. IVA 02730810211<br \/>\nCod. fisc. STB SDR 88 A44 B160 S<br \/>\n<a href=\"mailto:\">info@muwit.it<\/a><br \/>\n<a href=\"www.muwit.it\" target=\"_blank\" rel=\"noopener\">www.muwit.it<\/a><\/p>\n<p><strong>Responsabile per il contenuto:<\/strong><br \/>\nTexterin einf\u00fcgen<br \/>\nName des Kunden einf\u00fcgen der f\u00fcr den Inhalt verantwortilich ist<\/p>\n<p><strong>Dichiarazione liberatoria:<br \/>\nResponsabilit\u00e0 per i contenuti<\/strong><\/p>\n<p>I contenuti delle nostre pagine sono stati redatti, elaborati e controllati scrupolosamente. Tuttavia, non ci assumiamo nessuna responsabilit\u00e0 per la correttezza, qualit\u00e0, completezza e attualit\u00e0 dei contenuti, poich\u00e9 non \u00e8 da escludere che siano cambiati nel tempo. Come prestatori di servizi siamo responsabili per i contenuti di queste pagine in base alla normativa vigente. Nella nostra qualit\u00e0 di prestatori di servizi non siamo per\u00f2 obbligati a controllare l\u2019esattezza di informazioni ricevute o salvate da terzi, o a controllare se sussistano irregolarit\u00e0 che indichino un\u2019attivit\u00e0 illegale. L\u2019obbligo di rimuovere o bloccare l\u2019utilizzo di informazioni secondo la normativa vigente rimane valido. L\u2019assunzione di tale responsabilit\u00e0 \u00e8 tuttavia possibile solamente dopo il momento dell\u2019effettivo riconoscimento da parte nostra di una concreta violazione di diritto. Alla presa d\u2019atto di tali violazioni di legge provvederemo immediatamente alla rimozione dei contenuti in questione.<br \/>\nSi escludono di principio le rivendicazioni di responsabilit\u00e0 di qualsiasi tipo causate dall\u2019utilizzo di informazioni messe a disposizione, oppure da informazioni errate e\/o incomplete.<\/p>\n<p><strong>Responsabilit\u00e0 per i link<\/strong><\/p>\n<p>La nostra offerta contiene dei collegamenti ipertestuali con siti web esterni di terzi, sui cui contenuti non possiamo influire. Per questo motivo non forniamo nessuna garanzia sui contenuti dei siti web linkati, indipendentemente dal tipo e dalla natura. Ne \u00e8 responsabile solamente il relativo proprietario o gestore del sito. Un controllo permanente dei contenuti dei siti linkati al presente non \u00e8 fattibile senza concreti punti di riferimento. All\u2019avvenuta conoscenza d\u2019infrazioni contro la legge causate dai siti web linkati, i link in questione saranno subito rimossi.<\/p>\n<p><strong>Copyright<\/strong><\/p>\n<p>Tutti i contenuti e le opere creati dal web designer e dai gestori del sito sono protetti da copyright. La riproduzione, l\u2019alterazione, la distribuzione e qualsiasi forma di utilizzo, soprattutto per scopi commerciali, al di fuori dei limiti del diritto d\u2019autore, sono severamente vietate e ammesse esclusivamente previa autorizzazione scritta del relativo autore o creatore. Nel caso i contenuti di questa pagina non siano stati creati dal gestore, sono da rispettare i diritti di copyright di terzi. I contenuti redatti da terzi sono contrassegnati come tali. In caso doveste notare una violazione del copyright, vi preghiamo gentilmente di farci pervenire un\u2019apposita segnalazione. All\u2019atto di presa di conoscenza di tali violazioni di legge, i contenuti in questione saranno naturalmente rimossi subito, senza per\u00f2 assumerne nessuna responsabilit\u00e0.<\/p>\n\t\t\t\t\t\t<\/div>\n\t\t\t\t<\/div>\n\t\t\t\t\t<\/div>\n\t\t\t\t<\/div>\n\t\t\t\t\t\t\t<\/div>\n\t\t","protected":false},"excerpt":{"rendered":"<p>Colophon Carpe Diem F\u00f6rchenweg 25, 39039 Meransen +39 349 159 8931 info@meransen-ferien.com Empf\u00e4ngercodex: FEHLT NOCH www.carpediem-meransen.com MwSt. Nr. 02860160213 St. Nr. FSCMRA84C61B160U Camera di commercio: Bolzano Numero iscrizione camera di commercio: Nummer Numero REA: Nummer Legale rappresentante: Nennung des Alleingesellschafters bei AGs und Einpersonen-GmbHs Capitale sociale: (falls zutreffend \u2013 z.B. bei einer GmbH, einer AG, [&hellip;]<\/p>\n","protected":false},"author":1,"featured_media":0,"parent":0,"menu_order":0,"comment_status":"closed","ping_status":"closed","template":"","meta":[],"yoast_head":"<!-- This site is optimized with the Yoast SEO plugin v20.3 - https:\/\/yoast.com\/wordpress\/plugins\/seo\/ -->\n<title>Colophon - Carpe Diem<\/title>\n<meta name=\"robots\" content=\"index, follow, max-snippet:-1, max-image-preview:large, max-video-preview:-1\" \/>\n<link rel=\"canonical\" href=\"https:\/\/www.carpediem-meransen.com\/impressum\/\" \/>\n<meta property=\"og:locale\" content=\"it_IT\" \/>\n<meta property=\"og:type\" content=\"article\" \/>\n<meta property=\"og:title\" content=\"Colophon - Carpe Diem\" \/>\n<meta property=\"og:description\" content=\"Colophon Carpe Diem F\u00f6rchenweg 25, 39039 Meransen +39 349 159 8931 info@meransen-ferien.com Empf\u00e4ngercodex: FEHLT NOCH www.carpediem-meransen.com MwSt. Nr. 02860160213 St. Nr. FSCMRA84C61B160U Camera di commercio: Bolzano Numero iscrizione camera di commercio: Nummer Numero REA: Nummer Legale rappresentante: Nennung des Alleingesellschafters bei AGs und Einpersonen-GmbHs Capitale sociale: (falls zutreffend \u2013 z.B. bei einer GmbH, einer AG, [&hellip;]\" \/>\n<meta property=\"og:url\" content=\"https:\/\/www.carpediem-meransen.com\/impressum\/\" \/>\n<meta property=\"og:site_name\" content=\"Carpe Diem\" \/>\n<meta property=\"article:modified_time\" content=\"2024-10-24T12:35:07+00:00\" \/>\n<meta name=\"twitter:card\" content=\"summary_large_image\" \/>\n<meta name=\"twitter:label1\" content=\"Tempo di lettura stimato\" \/>\n\t<meta name=\"twitter:data1\" content=\"3 minuti\" \/>\n<script type=\"application\/ld+json\" class=\"yoast-schema-graph\">{\"@context\":\"https:\/\/schema.org\",\"@graph\":[{\"@type\":\"WebPage\",\"@id\":\"https:\/\/www.carpediem-meransen.com\/impressum\/\",\"url\":\"https:\/\/www.carpediem-meransen.com\/impressum\/\",\"name\":\"Colophon - Carpe Diem\",\"isPartOf\":{\"@id\":\"https:\/\/www.carpediem-meransen.com\/#website\"},\"datePublished\":\"2023-08-01T13:41:16+00:00\",\"dateModified\":\"2024-10-24T12:35:07+00:00\",\"breadcrumb\":{\"@id\":\"https:\/\/www.carpediem-meransen.com\/impressum\/#breadcrumb\"},\"inLanguage\":\"it-IT\",\"potentialAction\":[{\"@type\":\"ReadAction\",\"target\":[\"https:\/\/www.carpediem-meransen.com\/impressum\/\"]}]},{\"@type\":\"BreadcrumbList\",\"@id\":\"https:\/\/www.carpediem-meransen.com\/impressum\/#breadcrumb\",\"itemListElement\":[{\"@type\":\"ListItem\",\"position\":1,\"name\":\"Startseite\",\"item\":\"https:\/\/www.carpediem-meransen.com\/\"},{\"@type\":\"ListItem\",\"position\":2,\"name\":\"Colophon\"}]},{\"@type\":\"WebSite\",\"@id\":\"https:\/\/www.carpediem-meransen.com\/#website\",\"url\":\"https:\/\/www.carpediem-meransen.com\/\",\"name\":\"Carpe Diem\",\"description\":\"\",\"publisher\":{\"@id\":\"https:\/\/www.carpediem-meransen.com\/#organization\"},\"potentialAction\":[{\"@type\":\"SearchAction\",\"target\":{\"@type\":\"EntryPoint\",\"urlTemplate\":\"https:\/\/www.carpediem-meransen.com\/?s={search_term_string}\"},\"query-input\":\"required name=search_term_string\"}],\"inLanguage\":\"it-IT\"},{\"@type\":\"Organization\",\"@id\":\"https:\/\/www.carpediem-meransen.com\/#organization\",\"name\":\"Carpe Diem\",\"alternateName\":\"Carpe Diem\",\"url\":\"https:\/\/www.carpediem-meransen.com\/\",\"logo\":{\"@type\":\"ImageObject\",\"inLanguage\":\"it-IT\",\"@id\":\"https:\/\/www.carpediem-meransen.com\/#\/schema\/logo\/image\/\",\"url\":\"https:\/\/www.carpediem-meransen.com\/wp-content\/uploads\/2023\/07\/Carpe-Diem.png\",\"contentUrl\":\"https:\/\/www.carpediem-meransen.com\/wp-content\/uploads\/2023\/07\/Carpe-Diem.png\",\"width\":2560,\"height\":438,\"caption\":\"Carpe Diem\"},\"image\":{\"@id\":\"https:\/\/www.carpediem-meransen.com\/#\/schema\/logo\/image\/\"}}]}<\/script>\n<!-- \/ Yoast SEO plugin. -->","yoast_head_json":{"title":"Colophon - Carpe Diem","robots":{"index":"index","follow":"follow","max-snippet":"max-snippet:-1","max-image-preview":"max-image-preview:large","max-video-preview":"max-video-preview:-1"},"canonical":"https:\/\/www.carpediem-meransen.com\/impressum\/","og_locale":"it_IT","og_type":"article","og_title":"Colophon - Carpe Diem","og_description":"Colophon Carpe Diem F\u00f6rchenweg 25, 39039 Meransen +39 349 159 8931 info@meransen-ferien.com Empf\u00e4ngercodex: FEHLT NOCH www.carpediem-meransen.com MwSt. Nr. 02860160213 St. Nr. FSCMRA84C61B160U Camera di commercio: Bolzano Numero iscrizione camera di commercio: Nummer Numero REA: Nummer Legale rappresentante: Nennung des Alleingesellschafters bei AGs und Einpersonen-GmbHs Capitale sociale: (falls zutreffend \u2013 z.B. bei einer GmbH, einer AG, [&hellip;]","og_url":"https:\/\/www.carpediem-meransen.com\/impressum\/","og_site_name":"Carpe Diem","article_modified_time":"2024-10-24T12:35:07+00:00","twitter_card":"summary_large_image","twitter_misc":{"Tempo di lettura stimato":"3 minuti"},"schema":{"@context":"https:\/\/schema.org","@graph":[{"@type":"WebPage","@id":"https:\/\/www.carpediem-meransen.com\/impressum\/","url":"https:\/\/www.carpediem-meransen.com\/impressum\/","name":"Colophon - Carpe Diem","isPartOf":{"@id":"https:\/\/www.carpediem-meransen.com\/#website"},"datePublished":"2023-08-01T13:41:16+00:00","dateModified":"2024-10-24T12:35:07+00:00","breadcrumb":{"@id":"https:\/\/www.carpediem-meransen.com\/impressum\/#breadcrumb"},"inLanguage":"it-IT","potentialAction":[{"@type":"ReadAction","target":["https:\/\/www.carpediem-meransen.com\/impressum\/"]}]},{"@type":"BreadcrumbList","@id":"https:\/\/www.carpediem-meransen.com\/impressum\/#breadcrumb","itemListElement":[{"@type":"ListItem","position":1,"name":"Startseite","item":"https:\/\/www.carpediem-meransen.com\/"},{"@type":"ListItem","position":2,"name":"Colophon"}]},{"@type":"WebSite","@id":"https:\/\/www.carpediem-meransen.com\/#website","url":"https:\/\/www.carpediem-meransen.com\/","name":"Carpe Diem","description":"","publisher":{"@id":"https:\/\/www.carpediem-meransen.com\/#organization"},"potentialAction":[{"@type":"SearchAction","target":{"@type":"EntryPoint","urlTemplate":"https:\/\/www.carpediem-meransen.com\/?s={search_term_string}"},"query-input":"required name=search_term_string"}],"inLanguage":"it-IT"},{"@type":"Organization","@id":"https:\/\/www.carpediem-meransen.com\/#organization","name":"Carpe Diem","alternateName":"Carpe Diem","url":"https:\/\/www.carpediem-meransen.com\/","logo":{"@type":"ImageObject","inLanguage":"it-IT","@id":"https:\/\/www.carpediem-meransen.com\/#\/schema\/logo\/image\/","url":"https:\/\/www.carpediem-meransen.com\/wp-content\/uploads\/2023\/07\/Carpe-Diem.png","contentUrl":"https:\/\/www.carpediem-meransen.com\/wp-content\/uploads\/2023\/07\/Carpe-Diem.png","width":2560,"height":438,"caption":"Carpe Diem"},"image":{"@id":"https:\/\/www.carpediem-meransen.com\/#\/schema\/logo\/image\/"}}]}},"_links":{"self":[{"href":"https:\/\/www.carpediem-meransen.com\/it\/wp-json\/wp\/v2\/pages\/1048"}],"collection":[{"href":"https:\/\/www.carpediem-meransen.com\/it\/wp-json\/wp\/v2\/pages"}],"about":[{"href":"https:\/\/www.carpediem-meransen.com\/it\/wp-json\/wp\/v2\/types\/page"}],"author":[{"embeddable":true,"href":"https:\/\/www.carpediem-meransen.com\/it\/wp-json\/wp\/v2\/users\/1"}],"replies":[{"embeddable":true,"href":"https:\/\/www.carpediem-meransen.com\/it\/wp-json\/wp\/v2\/comments?post=1048"}],"version-history":[{"count":5,"href":"https:\/\/www.carpediem-meransen.com\/it\/wp-json\/wp\/v2\/pages\/1048\/revisions"}],"predecessor-version":[{"id":1676,"href":"https:\/\/www.carpediem-meransen.com\/it\/wp-json\/wp\/v2\/pages\/1048\/revisions\/1676"}],"wp:attachment":[{"href":"https:\/\/www.carpediem-meransen.com\/it\/wp-json\/wp\/v2\/media?parent=1048"}],"curies":[{"name":"wp","href":"https:\/\/api.w.org\/{rel}","templated":true}]}}